{"id":95,"date":"2019-04-28T13:49:40","date_gmt":"2019-04-28T13:49:40","guid":{"rendered":"http:\/\/xxorgel.alt-pankow.de\/?page_id=95"},"modified":"2019-05-07T15:00:37","modified_gmt":"2019-05-07T15:00:37","slug":"orgelbauer","status":"publish","type":"page","link":"https:\/\/orgel.alt-pankow.de\/?page_id=95","title":{"rendered":"Orgelbauer"},"content":{"rendered":"\n<p><strong><em>\u00bbDas klanglich Besondere \nan den Buchholz-Orgeln ist, dass diese sowohl f\u00fcr alle liturgischen \nAufgaben, aber eben auch f\u00fcr einen sehr gro\u00dfen Kreis von konzertanter \nOrgelliteratur vorz\u00fcglich verwendbar sind. Sogar barocke Literatur l\u00e4sst\n sich auf diesen fr\u00fchromantischen Orgeln wunderbar darbieten, aber \nnat\u00fcrlich auch romantische und moderne geistliche und weltliche \nKonzertliteratur.\u00ab <\/em><\/strong>Kristian Wegscheider, Orgelbauer<\/p>\n\n\n\n<p><strong><br><\/strong><\/p>\n\n\n\n<div class=\"wp-block-columns alignfull has-2-columns is-layout-flex wp-container-core-columns-is-layout-9d6595d7 wp-block-columns-is-layout-flex\">\n<div class=\"wp-block-column is-layout-flow wp-block-column-is-layout-flow\">\n<h2 class=\"wp-block-heading\"><strong>Carl August Buchholz \u2013<br> einst ber\u00fchmt, heute fast vergessen\ufeff<\/strong><\/h2>\n\n\n\n<figure class=\"wp-block-image\"><img loading=\"lazy\" decoding=\"async\" width=\"855\" height=\"1024\" src=\"http:\/\/xxorgel.alt-pankow.de\/wp-content\/uploads\/2019\/04\/buchholz_portrait-855x1024.jpg\" alt=\"\" class=\"wp-image-58\" srcset=\"https:\/\/orgel.alt-pankow.de\/wp-content\/uploads\/2019\/04\/buchholz_portrait-855x1024.jpg 855w, https:\/\/orgel.alt-pankow.de\/wp-content\/uploads\/2019\/04\/buchholz_portrait-790x946.jpg 790w, https:\/\/orgel.alt-pankow.de\/wp-content\/uploads\/2019\/04\/buchholz_portrait-250x300.jpg 250w, https:\/\/orgel.alt-pankow.de\/wp-content\/uploads\/2019\/04\/buchholz_portrait-768x920.jpg 768w, https:\/\/orgel.alt-pankow.de\/wp-content\/uploads\/2019\/04\/buchholz_portrait-576x690.jpg 576w\" sizes=\"auto, (max-width: 855px) 100vw, 855px\" \/><figcaption><br><br><\/figcaption><\/figure>\n<\/div>\n\n\n\n<div class=\"wp-block-column is-layout-flow wp-block-column-is-layout-flow\">\n<p><strong>Carl August Buchholz<\/strong>, (1796-1884) geh\u00f6rte zu den bekanntesten Orgelbauern seiner Zeit. Fast ein Jahrhundert lang, von 1788 bis 1885, wirkten drei Generationen der Familie Buchholz in Berlin-Mitte. Der Vater Johann Simon Buchholz gilt als Vertreter der sp\u00e4tbarocken Orgelbaukunst, sein Sohn Carl August Buchholz vollzog den \u00dcbergang zur fr\u00fchromantischen Klangwelt. Unter ihm erbl\u00fchte die Firma und pr\u00e4gte \u00fcber Jahrzehnte die Orgellandschaft. Dessen Sohn Carl Friedrich \u00fcberlebte den Vater nur sechs Monate, mit ihm erlosch die Firma. Ihr Verm\u00e4chtnis: \u00dcber 150 Orgeln von h\u00f6chster technischer Baukunst, klanglicher Qualit\u00e4t und meisterhafter Intonation.<\/p>\n\n\n\n<p>Nur wenige Buchholz-Orgeln blieben erhalten, mehrheitlich kleine Instrumente in Brandenburg und Mecklenburg. Sein gr\u00f6\u00dftes Instrument baute Buchholz in Kronstadt (heute Brasov, Rum\u00e4nien), gl\u00fccklicherweise \u00fcberdauerte es die Jahre fast unver\u00e4ndert. Einige anspruchsvolle Restaurierungen, allen voran der Instrumente in Stralsund und Barth, belegen die wachsende Wertsch\u00e4tzung und Bedeutung des Berliner Orgelbauers.<\/p>\n\n\n\n<div class=\"wp-block-image\"><figure class=\"aligncenter is-resized\"><img loading=\"lazy\" decoding=\"async\" src=\"http:\/\/xxorgel.alt-pankow.de\/wp-content\/uploads\/2019\/04\/buchholz_pankow-854x1024.jpg\" alt=\"\" class=\"wp-image-57\" width=\"437\" height=\"523\" srcset=\"https:\/\/orgel.alt-pankow.de\/wp-content\/uploads\/2019\/04\/buchholz_pankow-854x1024.jpg 854w, https:\/\/orgel.alt-pankow.de\/wp-content\/uploads\/2019\/04\/buchholz_pankow-790x948.jpg 790w, https:\/\/orgel.alt-pankow.de\/wp-content\/uploads\/2019\/04\/buchholz_pankow-250x300.jpg 250w, https:\/\/orgel.alt-pankow.de\/wp-content\/uploads\/2019\/04\/buchholz_pankow-768x921.jpg 768w, https:\/\/orgel.alt-pankow.de\/wp-content\/uploads\/2019\/04\/buchholz_pankow-575x690.jpg 575w, https:\/\/orgel.alt-pankow.de\/wp-content\/uploads\/2019\/04\/buchholz_pankow.jpg 1809w\" sizes=\"auto, (max-width: 437px) 100vw, 437px\" \/><figcaption><em>So k\u00f6nnte die urspr\u00fcngliche Buchholz-Orgel in der Alten  Pfarrkirche Pankow ausgesehen haben. Rekonstruktion: Kristian  Wegscheider, Martin Paul<\/em><\/figcaption><\/figure><\/div>\n<\/div>\n<\/div>\n\n\n\n<p><\/p>\n\n\n\n<div class=\"wp-block-columns alignfull has-2-columns is-layout-flex wp-container-core-columns-is-layout-9d6595d7 wp-block-columns-is-layout-flex\">\n<div class=\"wp-block-column is-layout-flow wp-block-column-is-layout-flow\">\n<h2 class=\"wp-block-heading\"><strong>Kristian Wegscheider \u2013<br>der Experte f\u00fcr Buchholz-Orgeln<\/strong><\/h2>\n\n\n\n<p>Mit dem Orgelbaumeister Kristian Wegscheider konnte die Alt-Pankower Gemeinde einen ausgewiesenen Experten gewinnen. Er restaurierte zahlreiche Buchholz-Instrumente in Brandenburg und Mecklenburg-Vorpommern.<br>\nAls Sachverst\u00e4ndiger hat er zw\u00f6lf Buchholz-Orgeln im europ\u00e4ischen Raum untersucht. Seine wichtigsten Buchholz-Projekte sind die Restaurierungen der Orgeln der St.-Marien-Kirche in Barth, der Nikolai-Kirche in Osterburg und in St. Nikolai zu Stralsund.<br>\nUm dem Klangbild der historischen Buchholz-Orgeln nahe zu kommen, reiste er mit neuen Pfeifen nach Brasov, Rum\u00e4nien, wo die gr\u00f6\u00dfte und bis heute erhaltene Buchholzorgel steht. Er testete seine eigenen Pfeifen in dem historischen Instrument, um dem Klanggeheimnis auf die Spur zu kommen.<\/p>\n<\/div>\n\n\n\n<div class=\"wp-block-column is-layout-flow wp-block-column-is-layout-flow\">\n<figure class=\"wp-block-image\"><img loading=\"lazy\" decoding=\"async\" width=\"709\" height=\"926\" src=\"http:\/\/xxorgel.alt-pankow.de\/wp-content\/uploads\/2019\/04\/kristian.jpg\" alt=\"\" class=\"wp-image-61\" srcset=\"https:\/\/orgel.alt-pankow.de\/wp-content\/uploads\/2019\/04\/kristian.jpg 709w, https:\/\/orgel.alt-pankow.de\/wp-content\/uploads\/2019\/04\/kristian-230x300.jpg 230w, https:\/\/orgel.alt-pankow.de\/wp-content\/uploads\/2019\/04\/kristian-528x690.jpg 528w\" sizes=\"auto, (max-width: 709px) 100vw, 709px\" \/><\/figure>\n<\/div>\n<\/div>\n\n\n\n<p><br><\/p>\n\n\n\n<p><em><br><\/em><\/p>\n\n\n\n<p><strong><br><\/strong><\/p>\n\n\n\n<p><br><\/p>\n","protected":false},"excerpt":{"rendered":"<p>\u00bbDas klanglich Besondere an den Buchholz-Orgeln ist, dass diese sowohl f\u00fcr alle liturgischen Aufgaben, aber eben auch f\u00fcr einen sehr gro\u00dfen Kreis von&hellip;<\/p>\n","protected":false},"author":2,"featured_media":0,"parent":0,"menu_order":0,"comment_status":"closed","ping_status":"closed","template":"","meta":{"spay_email":"","footnotes":""},"class_list":["post-95","page","type-page","status-publish","hentry"],"jetpack_sharing_enabled":false,"jetpack_shortlink":"https:\/\/wp.me\/PaVTHW-1x","_links":{"self":[{"href":"https:\/\/orgel.alt-pankow.de\/index.php?rest_route=\/wp\/v2\/pages\/95","targetHints":{"allow":["GET"]}}],"collection":[{"href":"https:\/\/orgel.alt-pankow.de\/index.php?rest_route=\/wp\/v2\/pages"}],"about":[{"href":"https:\/\/orgel.alt-pankow.de\/index.php?rest_route=\/wp\/v2\/types\/page"}],"author":[{"embeddable":true,"href":"https:\/\/orgel.alt-pankow.de\/index.php?rest_route=\/wp\/v2\/users\/2"}],"replies":[{"embeddable":true,"href":"https:\/\/orgel.alt-pankow.de\/index.php?rest_route=%2Fwp%2Fv2%2Fcomments&post=95"}],"version-history":[{"count":5,"href":"https:\/\/orgel.alt-pankow.de\/index.php?rest_route=\/wp\/v2\/pages\/95\/revisions"}],"predecessor-version":[{"id":878,"href":"https:\/\/orgel.alt-pankow.de\/index.php?rest_route=\/wp\/v2\/pages\/95\/revisions\/878"}],"wp:attachment":[{"href":"https:\/\/orgel.alt-pankow.de\/index.php?rest_route=%2Fwp%2Fv2%2Fmedia&parent=95"}],"curies":[{"name":"wp","href":"https:\/\/api.w.org\/{rel}","templated":true}]}}