{"id":91,"date":"2019-04-28T13:48:16","date_gmt":"2019-04-28T13:48:16","guid":{"rendered":"http:\/\/xxorgel.alt-pankow.de\/?page_id=91"},"modified":"2021-07-28T13:34:51","modified_gmt":"2021-07-28T13:34:51","slug":"vorhaben","status":"publish","type":"page","link":"https:\/\/orgel.alt-pankow.de\/?page_id=91","title":{"rendered":"Der Orgelbau"},"content":{"rendered":"\n<p><strong><em>\u00bbNeben einer Wagner- und einer Amalien-Orgel braucht Berlin eine Buchholz-Orgel in Erinnerung an einen der bedeutendsten Orgelbauer der Stadt.\u00ab <\/em><\/strong><br><em>Prof. Dr. Andreas Sieling, Domorganist in Berlin<\/em><\/p>\n\n\n\n<p>Zum 150. Geburtstag der St\u00fcler-Halle im Jahr 2009 wurde die Alte Pfarrkirche Pankow innen und au\u00dfen sorgf\u00e4ltig restauriert. Mit einer Orgel im Buchholzschen Stil setzen wir den Schlussstein dieser Restaurierung. 2015 gr\u00fcndete sich in der Gemeinde eine Orgelkommission aus Vertretern des Gemeindekirchenrates, des F\u00f6rdervereins Freunde der Kirchenmusik Alt-Pankow e.V., dem Orgelsachverst\u00e4ndigen der EKBO, der Kirchenmusikerin und der Pfarrerin. Die Gemeindeleitung beschloss 2017 den Orgelneubau und startete ein Auswahlverfahren. Im Mai 2018 fiel die Wahl auf die Dresdner Orgelwerkstatt <a href=\"https:\/\/orgel.alt-pankow.de\/?page_id=95\">Kristian Wegscheider<\/a>.<\/p>\n\n\n\n<p>Weil uns leider keine Teile der urspr\u00fcnglichen Orgel erhalten blieben, wird sich Kristian Wegscheider bei einem Neubau weitgehend an den bekannten, typischen Instrumenten von Buchholz orientieren, um den besonderen Buchholzklang wieder zum Leben zu erwecken.<br>Elementar f\u00fcr den Klang ist die Disposition, also die Auswahl und Zusammenstellung der Register. Auch diese ist Buchholz nachempfunden. 27 Register mit einem Hauptwerk und einem Oberwerk als Schwellwerk sowie einem v\u00f6lligen Pedalwerk sind geplant, um den Kirchenraum klanglich zu f\u00fcllen. Das \u00c4u\u00dfere, der Prospekt, orientiert sich an vergleichbar gro\u00dfen Buchholz-Orgeln und greift dabei Anregungen des Denkmalschutzes auf.<\/p>\n\n\n\n<p>Die Orgel wird als ein rein mechanisches Instrument ganz in der Bauweise von <a href=\"https:\/\/orgel.alt-pankow.de\/?page_id=95\">Carl August Buchholz<\/a> gebaut. Windladen aus massivem Eichenholz, h\u00e4ngende Tontrakturen mit einarmigen Tastenhebeln, Registertraktur mit Schwertern und Wellen garantieren eine hohe Langlebigkeit. Die Ma\u00dfverh\u00e4ltnisse und die Bauweise der Orgelpfeifen folgen ganz den besten Vorbildern der erhaltenen Originale. Ziel ist es, den warmen, f\u00fclligen und besonders farbigen Klang durch eine k\u00fcnstlerische Intonation wieder nach Pankow zur\u00fcckzubringen.<\/p>\n\n\n\n<div style=\"height:49px\" aria-hidden=\"true\" class=\"wp-block-spacer\"><\/div>\n\n\n\n<div class=\"wp-block-columns alignfull has-3-columns is-layout-flex wp-container-core-columns-is-layout-9d6595d7 wp-block-columns-is-layout-flex\">\n<div class=\"wp-block-column is-layout-flow wp-block-column-is-layout-flow\">\n<p><strong>25 Register plus 2 Optionen<\/strong><br><strong>(Nr. 13 und 27)<br> 2 Manuale<\/strong><\/p>\n<\/div>\n\n\n\n<div class=\"wp-block-column is-layout-flow wp-block-column-is-layout-flow\"><\/div>\n\n\n\n<div class=\"wp-block-column is-layout-flow wp-block-column-is-layout-flow\"><\/div>\n<\/div>\n\n\n\n<div class=\"wp-block-columns alignfull has-3-columns is-layout-flex wp-container-core-columns-is-layout-9d6595d7 wp-block-columns-is-layout-flex\">\n<div class=\"wp-block-column is-layout-flow wp-block-column-is-layout-flow\">\n<p><strong>Hauptwerk C\u2013g3<\/strong><br>  1. Principal 8\u2019<br>  2. Bordun 16\u2019<br>  3. Viola di Gamba 8\u2019<br>  4. Rohrfl\u00f6te 8\u2019<br>  5. Octav 4\u2019<br>  6. Spitzfl\u00f6te 4\u2019<br>  7. Quinta 3\u2019<br>  8. Octav 2\u2019<br>  9. Cornett 3 fach ab g\u00b0<br>10. Mixtur 4 fach<br>11. Trompete 8<\/p>\n<\/div>\n\n\n\n<div class=\"wp-block-column is-layout-flow wp-block-column-is-layout-flow\">\n<p><strong>Oberwerk C\u2013g3 (als Schwellwerk)<\/strong><br> 12. Principal 8\u2019<br> 13. Salicional 8\u2019<br> 14. Gedackt 8\u2019<br> 15. Piffaro 8\u2019 ab g\u00b0<br> 16. Viola d\u2019amour 4\u2019<br> 17. Flauto traverso 4\u2019<br> 18. Nassat 3\u2019<br> 19. Waldfl\u00f6te 2\u2019<br> 20. Hautbois 8\u2019<\/p>\n<\/div>\n\n\n\n<div class=\"wp-block-column is-layout-flow wp-block-column-is-layout-flow\">\n<p><strong>Pedal C\u2013d\u2019 (f\u2019)<\/strong><br> Gro\u00dfpedal<br> 21. Violonbass 16\u2019<br> 22. Posaunenbass 16\u2019<br> Kleinpedal<br> 23. Subbass 16\u2019<br> 24. Principalbass 8\u2019<br> 25. Bassfl\u00f6te 8\u2019<br> 26. Octav 4\u2019<br> 27. Trompete 8\u2019<\/p>\n<\/div>\n<\/div>\n\n\n\n<p><strong>Das Geheimnis des Buchholz-Klangs<\/strong><\/p>\n\n\n\n<p>Wer einmal die M\u00f6glichkeit hat, eine Buchholz-Orgel zu h\u00f6ren, wird von der Klangqualit\u00e4t und -f\u00fclle beeindruckt sein. Was erzeugt ihren einmaligen Klang? Nicht nur die farbenreiche Disposition ist daf\u00fcr verantwortlich. Eine hohe technische Baukunst, ausgew\u00e4hlte Materialien und vor allem die harmonische Abstimmung aller baulicher Parameter, die die Winde in die Pfeife f\u00fchren, bilden die Grundlage des einmaligen Buchholz-Klanges.<br><em>Die mechanische Traktur<\/em> Die Bewegungs\u00fcbertragung vom Spieler zur Pfeife erfolgt mittels physikalischer Hebelgesetze, \u00fcber \u00bbAbstrakte\u00ab, \u00bbStecher\u00ab, \u00bbZugstangen\u00ab und \u00bbWellenwerke\u00ab. Mechanische Trakturen sind \u00e4u\u00dferst langlebig. Die direkte mechanische Verbindung zwischen der Taste und dem Ventil der Tonkanzelle erm\u00f6glicht im Vergleich zu anderen Bauweisen eine unmittelbare Ansprache der Pfeifen, je nachdem, wie hart und schnell bzw. weich und langsam die Tasten angeschlagen werden.<br><em>Die Pfeifengeometrie<\/em> erm\u00f6glicht dem Intonateur, ganz nah an den Klang der historischen Vorbildpfeifen heranzukommen. <em>Die Weitenmensur der Pfeife<\/em> bezeichnet das Verh\u00e4ltnis vom Durchmesser zur L\u00e4nge der Pfeife. Die Mensuren sind Abmessungen von Labien, Aufschnitth\u00f6hen, Fu\u00df\u00f6ffnungen etc.<em> Windladen und Wellenwerke<\/em> aus Holz haben eine spezielle Konstruktion. Die Pfeifen bestehen aus Fichten- und Kiefernholz oder aus Zinn.<\/p>\n","protected":false},"excerpt":{"rendered":"<p>\u00bbNeben einer Wagner- und einer Amalien-Orgel braucht Berlin eine Buchholz-Orgel in Erinnerung an einen der bedeutendsten Orgelbauer der Stadt.\u00ab Prof. Dr. Andreas Sieling,&hellip;<\/p>\n","protected":false},"author":2,"featured_media":0,"parent":0,"menu_order":0,"comment_status":"closed","ping_status":"closed","template":"","meta":{"spay_email":"","footnotes":""},"class_list":["post-91","page","type-page","status-publish","hentry"],"jetpack_sharing_enabled":false,"jetpack_shortlink":"https:\/\/wp.me\/PaVTHW-1t","_links":{"self":[{"href":"https:\/\/orgel.alt-pankow.de\/index.php?rest_route=\/wp\/v2\/pages\/91","targetHints":{"allow":["GET"]}}],"collection":[{"href":"https:\/\/orgel.alt-pankow.de\/index.php?rest_route=\/wp\/v2\/pages"}],"about":[{"href":"https:\/\/orgel.alt-pankow.de\/index.php?rest_route=\/wp\/v2\/types\/page"}],"author":[{"embeddable":true,"href":"https:\/\/orgel.alt-pankow.de\/index.php?rest_route=\/wp\/v2\/users\/2"}],"replies":[{"embeddable":true,"href":"https:\/\/orgel.alt-pankow.de\/index.php?rest_route=%2Fwp%2Fv2%2Fcomments&post=91"}],"version-history":[{"count":15,"href":"https:\/\/orgel.alt-pankow.de\/index.php?rest_route=\/wp\/v2\/pages\/91\/revisions"}],"predecessor-version":[{"id":2009249,"href":"https:\/\/orgel.alt-pankow.de\/index.php?rest_route=\/wp\/v2\/pages\/91\/revisions\/2009249"}],"wp:attachment":[{"href":"https:\/\/orgel.alt-pankow.de\/index.php?rest_route=%2Fwp%2Fv2%2Fmedia&parent=91"}],"curies":[{"name":"wp","href":"https:\/\/api.w.org\/{rel}","templated":true}]}}