{"id":17,"date":"2019-04-28T12:28:52","date_gmt":"2019-04-28T12:28:52","guid":{"rendered":"http:\/\/xxorgel.alt-pankow.de\/?page_id=17"},"modified":"2019-05-14T05:56:43","modified_gmt":"2019-05-14T05:56:43","slug":"impressum","status":"publish","type":"page","link":"https:\/\/orgel.alt-pankow.de\/?page_id=17","title":{"rendered":"Impressum"},"content":{"rendered":"<div id=\"content\" class=\"site-content\">\n<div class=\"wrap\">\n<div id=\"primary\" class=\"content-area\"><main class=\"site-main\" role=\"main\"><strong>Der Gemeindekirchenrat der Ev. Kirchengemeinde Alt-Pankow<br \/><\/strong><strong>Orgelbau-Kommission<br \/><\/strong>Breite Stra\u00dfe 38<br \/>13187 Berlin<\/main><main class=\"site-main\" role=\"main\">&#8211;<\/main><main role=\"main\"><\/main><main role=\"main\"><\/main><main role=\"main\"><\/main><\/div>\n<\/div>\n<main role=\"main\"><\/main><main role=\"main\"><\/main>\n<div class=\"wrap\">\n<div id=\"primary\" class=\"content-area\"><main role=\"main\"><\/main><main class=\"site-main\" role=\"main\"><strong>Shop-Betreiber und Empf\u00e4nger Ihrer Spende:<\/strong><br \/>\n<article id=\"post-26\" class=\"post-26 page type-page status-publish has-post-thumbnail hentry\">\n<div class=\"entry-content\">\n<p>Freunde der Kirchenmusik Alt-Pankow e.V. <br \/>c\/o Robert Dietrich<br \/>Blankenburger Str. 40<br \/>13156 Berlin<br \/>&#8211;<br \/>tel 0162 2146791 eMail verein [at] alt-pankow.de<\/p>\n<p><a href=\"http:\/\/www.alt-pankow.de\" target=\"_blank\" rel=\"noopener noreferrer\">www.alt-pankow.de<\/a><\/p>\n<p><strong>Haftungshinweis<br \/><\/strong>Trotz sorgf\u00e4ltiger inhaltlicher Kontrolle \u00fcbernehmen wir keine Haftung f\u00fcr die Inhalte externer Links. F\u00fcr den Inhalt der verlinkten Seiten sind ausschlie\u00dflich deren Betreiber verantwortlich. Ebenso liegen alle Eintragungen in unser G\u00e4stebuch au\u00dferhalb unserer Verantwortung und geben allein die Meinung des jeweiligen Autors wieder.<\/p>\n<\/div>\n<\/article>\n<p>\u00a0<\/p>\n<\/main><\/div>\n<\/div>\n<\/div>\n\n\n<p><\/p>\n","protected":false},"excerpt":{"rendered":"<p>Der Gemeindekirchenrat der Ev. Kirchengemeinde Alt-PankowOrgelbau-KommissionBreite Stra\u00dfe 3813187 Berlin&#8211; Shop-Betreiber und Empf\u00e4nger Ihrer Spende: Freunde der Kirchenmusik Alt-Pankow e.V. c\/o Robert DietrichBlankenburger Str.&hellip;<\/p>\n","protected":false},"author":1,"featured_media":0,"parent":0,"menu_order":0,"comment_status":"closed","ping_status":"closed","template":"","meta":{"spay_email":"","footnotes":""},"class_list":["post-17","page","type-page","status-publish","hentry"],"jetpack_sharing_enabled":false,"jetpack_shortlink":"https:\/\/wp.me\/PaVTHW-h","_links":{"self":[{"href":"https:\/\/orgel.alt-pankow.de\/index.php?rest_route=\/wp\/v2\/pages\/17","targetHints":{"allow":["GET"]}}],"collection":[{"href":"https:\/\/orgel.alt-pankow.de\/index.php?rest_route=\/wp\/v2\/pages"}],"about":[{"href":"https:\/\/orgel.alt-pankow.de\/index.php?rest_route=\/wp\/v2\/types\/page"}],"author":[{"embeddable":true,"href":"https:\/\/orgel.alt-pankow.de\/index.php?rest_route=\/wp\/v2\/users\/1"}],"replies":[{"embeddable":true,"href":"https:\/\/orgel.alt-pankow.de\/index.php?rest_route=%2Fwp%2Fv2%2Fcomments&post=17"}],"version-history":[{"count":12,"href":"https:\/\/orgel.alt-pankow.de\/index.php?rest_route=\/wp\/v2\/pages\/17\/revisions"}],"predecessor-version":[{"id":1488,"href":"https:\/\/orgel.alt-pankow.de\/index.php?rest_route=\/wp\/v2\/pages\/17\/revisions\/1488"}],"wp:attachment":[{"href":"https:\/\/orgel.alt-pankow.de\/index.php?rest_route=%2Fwp%2Fv2%2Fmedia&parent=17"}],"curies":[{"name":"wp","href":"https:\/\/api.w.org\/{rel}","templated":true}]}}